{"id":3564,"date":"2019-11-08T14:01:15","date_gmt":"2019-11-08T13:01:15","guid":{"rendered":"https:\/\/www.ghpartners.it\/notre-metier\/"},"modified":"2020-02-24T12:11:08","modified_gmt":"2020-02-24T11:11:08","slug":"il-nostro-lavoro-interventi-chiavi-in-mano","status":"publish","type":"page","link":"https:\/\/www.ghpartners.it\/it\/gh-partners\/il-nostro-lavoro-interventi-chiavi-in-mano\/","title":{"rendered":"il nostro lavoro"},"content":{"rendered":"<div id='av_section_1'  class='avia-section av-k5h4vlqj-92d02a4ba1b1d135f417bdcfe0cc8cbd main_color avia-section-no-padding avia-no-border-styling  avia-builder-el-0  el_before_av_submenu  avia-builder-el-first  av-desktop-hide avia-bg-style-scroll container_wrap fullsize'  ><div class='container av-section-cont-open' ><main  role=\"main\" itemprop=\"mainContentOfPage\"  class='template-page content  av-content-full alpha units'><div class='post-entry post-entry-type-page post-entry-3564'><div class='entry-content-wrapper clearfix'>\n\n<style type=\"text\/css\" data-created_by=\"avia_inline_auto\" id=\"style-css-av-1l3li-f4152183bb53cb1ce0118bcef33e89d9\">\n.flex_column.av-1l3li-f4152183bb53cb1ce0118bcef33e89d9{\nborder-radius:0px 0px 0px 0px;\npadding:10px 10px 10px 10px;\n}\n<\/style>\n<div  class='flex_column av-1l3li-f4152183bb53cb1ce0118bcef33e89d9 av_one_full  avia-builder-el-1  avia-builder-el-no-sibling  first flex_column_div  '     ><style type=\"text\/css\" data-created_by=\"avia_inline_auto\" id=\"style-css-av-k5h5khze-7aa701a84179c49a4ac39261618a9c3b\">\n#top .av-special-heading.av-k5h5khze-7aa701a84179c49a4ac39261618a9c3b{\nmargin:0 0 0 0;\npadding-bottom:0;\n}\nbody .av-special-heading.av-k5h5khze-7aa701a84179c49a4ac39261618a9c3b .av-special-heading-tag .heading-char{\nfont-size:25px;\n}\n.av-special-heading.av-k5h5khze-7aa701a84179c49a4ac39261618a9c3b .av-subheading{\nfont-size:15px;\n}\n<\/style>\n<div  class='av-special-heading av-k5h5khze-7aa701a84179c49a4ac39261618a9c3b av-special-heading-h3 blockquote modern-quote  avia-builder-el-2  avia-builder-el-no-sibling  av-linked-heading'><h3 class='av-special-heading-tag'  itemprop=\"headline\"  ><a class=\"av-heading-link\" href=\"https:\/\/www.ghpartners.it\/gh-partners\/\" >GH <span class='special_amp'>&amp;<\/span> Partners<\/a><\/h3><div class=\"special-heading-border\"><div class=\"special-heading-inner-border\"><\/div><\/div><\/div><\/div>\n\n<\/div><\/div><\/main><!-- close content main element --><\/div><\/div><div class='clear'><\/div><div id='sub_menu1'  class='av-submenu-container av-k2qckywj-07e1de6a34b9b665ed616ee40c1fc037 main_color  avia-builder-el-3  el_after_av_section  el_before_av_postcontent  moyenmenu av-sticky-submenu submenu-not-first container_wrap fullsize' style='z-index:301' ><div class='container av-menu-mobile-disabled av-submenu-pos-left'><ul id=\"menu-1-gh-partners-italien\" class=\"av-subnav-menu\" role=\"menu\"><li role=\"menuitem\" id=\"menu-item-5699\" class=\"menu-item menu-item-type-post_type menu-item-object-page menu-item-top-level menu-item-top-level-1\"><a href=\"https:\/\/www.ghpartners.it\/it\/gh-partners\/perche-sceglierci\/\" itemprop=\"url\" tabindex=\"0\"><span class=\"avia-bullet\"><\/span><span class=\"avia-menu-text\">Perch\u00e8 sceglierci?<\/span><span class=\"avia-menu-fx\"><span class=\"avia-arrow-wrap\"><span class=\"avia-arrow\"><\/span><\/span><\/span><\/a><\/li>\n<li role=\"menuitem\" id=\"menu-item-5701\" class=\"menu-item menu-item-type-post_type menu-item-object-page menu-item-top-level menu-item-top-level-2\"><a href=\"https:\/\/www.ghpartners.it\/it\/progetti\/numeri-chiave\/\" itemprop=\"url\" tabindex=\"0\"><span class=\"avia-bullet\"><\/span><span class=\"avia-menu-text\">Numeri chiave<\/span><span class=\"avia-menu-fx\"><span class=\"avia-arrow-wrap\"><span class=\"avia-arrow\"><\/span><\/span><\/span><\/a><\/li>\n<li role=\"menuitem\" id=\"menu-item-5700\" class=\"menu-item menu-item-type-post_type menu-item-object-page menu-item-top-level menu-item-top-level-3\"><a href=\"https:\/\/www.ghpartners.it\/it\/progetti\/i-nostri-clienti\/\" itemprop=\"url\" tabindex=\"0\"><span class=\"avia-bullet\"><\/span><span class=\"avia-menu-text\">I nostri clienti<\/span><span class=\"avia-menu-fx\"><span class=\"avia-arrow-wrap\"><span class=\"avia-arrow\"><\/span><\/span><\/span><\/a><\/li>\n<li role=\"menuitem\" id=\"menu-item-5698\" class=\"menu-item menu-item-type-post_type menu-item-object-page menu-item-top-level menu-item-top-level-4\"><a href=\"https:\/\/www.ghpartners.it\/it\/gh-partners\/lavorare-con-noi\/\" itemprop=\"url\" tabindex=\"0\"><span class=\"avia-bullet\"><\/span><span class=\"avia-menu-text\">Lavorare con noi<\/span><span class=\"avia-menu-fx\"><span class=\"avia-arrow-wrap\"><span class=\"avia-arrow\"><\/span><\/span><\/span><\/a><\/li>\n<\/ul><\/div><\/div><div class='sticky_placeholder'><\/div>\n[av_section min_height='75' min_height_pc='25' min_height_px='500px' padding='no-padding' shadow='no-border-styling' bottom_border='no-border-styling' bottom_border_diagonal_color='#bfbcb5' bottom_border_diagonal_direction='' bottom_border_style='' custom_margin='0px' custom_margin_sync='true' scroll_down='aviaTBscroll_down' custom_arrow_bg='#bfbcb5' color='main_color' background='bg_color' custom_bg='#ffffff' background_gradient_color1='' background_gradient_color2='' background_gradient_direction='vertical' src='https:\/\/www.ghpartners.it\/sitev2\/wp-content\/uploads\/2019\/12\/GH-PARTNERS-ADORNO-BN_MG_7751.jpg' attachment='1259' attachment_size='full' attach='parallax' position='center center' repeat='stretch' video='' video_ratio='16:9' overlay_enable='aviaTBoverlay_enable' overlay_opacity='0.3' overlay_color='#000000' overlay_pattern='' overlay_custom_pattern='' id='' custom_class='' aria_label='' av_element_hidden_in_editor='0' av_uid='av-533ln']\r\n\r\n[av_three_fifth first min_height='av-equal-height-column' vertical_alignment='av-align-middle' space='no_margin' margin='0px' margin_sync='true' row_boxshadow_color='' row_boxshadow_width='10' link='' linktarget='' link_hover='' title_attr='' alt_attr='' padding='0px' padding_sync='true' highlight_size='1.1' border='' border_color='' radius='0px' radius_sync='true' column_boxshadow_color='' column_boxshadow_width='10' background='bg_color' background_color='' background_gradient_color1='' background_gradient_color2='' background_gradient_direction='vertical' src='' attachment='' attachment_size='' background_position='top left' background_repeat='no-repeat' animation='' mobile_breaking='' mobile_display='' id='' custom_class='' av_uid='av-3iipv']\r\n\r\n[av_heading heading='ll nostro lavoro' tag='h1' style='blockquote modern-quote modern-centered' subheading_active='' show_icon='' icon='ue800' font='entypo-fontello' size='40' av-desktop-font-size-title='' av-medium-font-size-title='' av-small-font-size-title='' av-mini-font-size-title='' subheading_size='15' av-desktop-font-size='' av-medium-font-size='' av-small-font-size='' av-mini-font-size='' icon_size='' av-desktop-font-size-1='' av-medium-font-size-1='' av-small-font-size-1='' av-mini-font-size-1='' color='custom-color-heading' custom_font='#ffffff' subheading_color='' seperator_color='' icon_color='' margin='0px' margin_sync='true' av-desktop-margin='' av-desktop-margin_sync='true' av-medium-margin='' av-medium-margin_sync='true' av-small-margin='' av-small-margin_sync='true' av-mini-margin='' av-mini-margin_sync='true' headline_padding='' headline_padding_sync='true' av-desktop-headline_padding='' av-desktop-headline_padding_sync='true' av-medium-headline_padding='' av-medium-headline_padding_sync='true' av-small-headline_padding='' av-small-headline_padding_sync='true' av-mini-headline_padding='' av-mini-headline_padding_sync='true' padding='0' av-desktop-padding='' av-medium-padding='' av-small-padding='' av-mini-padding='' icon_padding='10' av-desktop-icon_padding='' av-medium-icon_padding='' av-small-icon_padding='' av-mini-icon_padding='' link='manually,http:\/\/' link_target='' av-small-hide='aviaTBav-small-hide' av-mini-hide='aviaTBav-mini-hide' id='' custom_class='verticalh1' template_class='' av_uid='av-k6wf0dbs' sc_version='1.0' admin_preview_bg=''][\/av_heading]\r\n\r\n[av_heading heading='Il nostro lavoro' tag='h1' style='blockquote modern-quote' subheading_active='' show_icon='' icon='ue800' font='entypo-fontello' size='40' av-desktop-font-size-title='' av-medium-font-size-title='' av-small-font-size-title='' av-mini-font-size-title='' subheading_size='15' av-desktop-font-size='' av-medium-font-size='' av-small-font-size='' av-mini-font-size='' icon_size='' av-desktop-font-size-1='' av-medium-font-size-1='' av-small-font-size-1='' av-mini-font-size-1='' color='custom-color-heading' custom_font='#ffffff' subheading_color='' seperator_color='' icon_color='' margin='30px' margin_sync='true' av-desktop-margin='' av-desktop-margin_sync='true' av-medium-margin='' av-medium-margin_sync='true' av-small-margin='' av-small-margin_sync='true' av-mini-margin='' av-mini-margin_sync='true' headline_padding='' headline_padding_sync='true' av-desktop-headline_padding='' av-desktop-headline_padding_sync='true' av-medium-headline_padding='' av-medium-headline_padding_sync='true' av-small-headline_padding='' av-small-headline_padding_sync='true' av-mini-headline_padding='' av-mini-headline_padding_sync='true' padding='0' av-desktop-padding='' av-medium-padding='' av-small-padding='' av-mini-padding='' icon_padding='10' av-desktop-icon_padding='' av-medium-icon_padding='' av-small-icon_padding='' av-mini-icon_padding='' link='manually,http:\/\/' link_target='' av-desktop-hide='aviaTBav-desktop-hide' av-medium-hide='aviaTBav-medium-hide' id='' custom_class='' template_class='' av_uid='av-k6wf0h2i' sc_version='1.0' admin_preview_bg=''][\/av_heading]\r\n\r\n[\/av_three_fifth][av_two_fifth min_height='av-equal-height-column' vertical_alignment='av-align-middle' space='' margin='0px' margin_sync='true' row_boxshadow_color='' row_boxshadow_width='10' link='' linktarget='' link_hover='' title_attr='' alt_attr='' padding='30px' padding_sync='true' highlight_size='1.1' border='' border_color='' radius='0px' radius_sync='true' column_boxshadow_color='' column_boxshadow_width='10' background='bg_color' background_color='#ffffff' background_gradient_color1='' background_gradient_color2='' background_gradient_direction='vertical' src='' attachment='' attachment_size='' background_position='top left' background_repeat='no-repeat' animation='' mobile_breaking='' mobile_display='' id='' custom_class='' av_uid='av-3iipv']\r\n\r\n[av_heading heading='Interventi\r\n\u00abchiavi in mano\u00bb ' tag='h1' style='blockquote modern-quote' subheading_active='' size='' av-medium-font-size-title='' av-small-font-size-title='' av-mini-font-size-title='' subheading_size='15' av-medium-font-size='' av-small-font-size='' av-mini-font-size='' color='custom-color-heading' custom_font='#b5b3ae' margin='' margin_sync='true' padding='10' link='manually,http:\/\/' link_target='' id='' custom_class='' av_uid='av-k6wf0tqx' admin_preview_bg='']\r\nNOTRE M\u00c9TIER\r\n[\/av_heading]\r\n\r\n[av_textblock size='' av-medium-font-size='' av-small-font-size='' av-mini-font-size='' font_color='' color='' id='' custom_class='' av_uid='av-k2qbc8j2' admin_preview_bg='']\r\nDal concept all\u2019installazione, GH &amp; Partners accompagna i suoi clienti durante tutti i processi di fabbricazione e messa in opera di mobili e finiture. La qualit\u00e0 del suo lavoro \u00e8 intimamente legata al savoir-faire delle sue \u00e9quipes, composte da artigiani e specialisti che vengono selezionati con cura.\r\n[\/av_textblock]\r\n\r\n[\/av_two_fifth][\/av_section]\n","protected":false},"excerpt":{"rendered":"","protected":false},"author":1,"featured_media":0,"parent":3569,"menu_order":0,"comment_status":"closed","ping_status":"closed","template":"","meta":{"footnotes":""},"class_list":["post-3564","page","type-page","status-publish","hentry"],"yoast_head":"<!-- This site is optimized with the Yoast SEO plugin v27.5 - https:\/\/yoast.com\/product\/yoast-seo-wordpress\/ -->\n<title>il nostro lavoro - GH &amp; Partners<\/title>\n<meta name=\"description\" content=\"Interventi \u00abchiavi in mano\u00bb. Dal concept all\u2019installazione, GH &amp; Partners accompagna i suoi clienti durante tutti i processi di fabbricazione e messa in opera di mobili e finiture. La qualit\u00e0 del suo lavoro \u00e8 intimamente legata al savoir-faire delle sue \u00e9quipes, composte da artigiani e specialisti che vengono selezionati con cura.\" \/>\n<meta name=\"robots\" content=\"index, follow, max-snippet:-1, max-image-preview:large, max-video-preview:-1\" \/>\n<link rel=\"canonical\" href=\"https:\/\/www.ghpartners.it\/it\/gh-partners\/il-nostro-lavoro-interventi-chiavi-in-mano\/\" \/>\n<meta property=\"og:locale\" content=\"it_IT\" \/>\n<meta property=\"og:type\" content=\"article\" \/>\n<meta property=\"og:title\" content=\"il nostro lavoro - GH &amp; Partners\" \/>\n<meta property=\"og:description\" content=\"Interventi \u00abchiavi in mano\u00bb. Dal concept all\u2019installazione, GH &amp; Partners accompagna i suoi clienti durante tutti i processi di fabbricazione e messa in opera di mobili e finiture. La qualit\u00e0 del suo lavoro \u00e8 intimamente legata al savoir-faire delle sue \u00e9quipes, composte da artigiani e specialisti che vengono selezionati con cura.\" \/>\n<meta property=\"og:url\" content=\"https:\/\/www.ghpartners.it\/it\/gh-partners\/il-nostro-lavoro-interventi-chiavi-in-mano\/\" \/>\n<meta property=\"og:site_name\" content=\"GH &amp; Partners\" \/>\n<meta property=\"article:publisher\" content=\"https:\/\/www.facebook.com\/GHandPartners\/\" \/>\n<meta property=\"article:modified_time\" content=\"2020-02-24T11:11:08+00:00\" \/>\n<meta name=\"twitter:card\" content=\"summary_large_image\" \/>\n<meta name=\"twitter:label1\" content=\"Est. reading time\" \/>\n\t<meta name=\"twitter:data1\" content=\"2 minutes\" \/>\n<script type=\"application\/ld+json\" class=\"yoast-schema-graph\">{\"@context\":\"https:\\\/\\\/schema.org\",\"@graph\":[{\"@type\":\"WebPage\",\"@id\":\"https:\\\/\\\/www.ghpartners.it\\\/it\\\/gh-partners\\\/il-nostro-lavoro-interventi-chiavi-in-mano\\\/\",\"url\":\"https:\\\/\\\/www.ghpartners.it\\\/it\\\/gh-partners\\\/il-nostro-lavoro-interventi-chiavi-in-mano\\\/\",\"name\":\"il nostro lavoro - GH &amp; Partners\",\"isPartOf\":{\"@id\":\"https:\\\/\\\/www.ghpartners.it\\\/#website\"},\"datePublished\":\"2019-11-08T13:01:15+00:00\",\"dateModified\":\"2020-02-24T11:11:08+00:00\",\"description\":\"Interventi \u00abchiavi in mano\u00bb. Dal concept all\u2019installazione, GH & Partners accompagna i suoi clienti durante tutti i processi di fabbricazione e messa in opera di mobili e finiture. La qualit\u00e0 del suo lavoro \u00e8 intimamente legata al savoir-faire delle sue \u00e9quipes, composte da artigiani e specialisti che vengono selezionati con cura.\",\"breadcrumb\":{\"@id\":\"https:\\\/\\\/www.ghpartners.it\\\/it\\\/gh-partners\\\/il-nostro-lavoro-interventi-chiavi-in-mano\\\/#breadcrumb\"},\"inLanguage\":\"it-IT\",\"potentialAction\":[{\"@type\":\"ReadAction\",\"target\":[\"https:\\\/\\\/www.ghpartners.it\\\/it\\\/gh-partners\\\/il-nostro-lavoro-interventi-chiavi-in-mano\\\/\"]}]},{\"@type\":\"BreadcrumbList\",\"@id\":\"https:\\\/\\\/www.ghpartners.it\\\/it\\\/gh-partners\\\/il-nostro-lavoro-interventi-chiavi-in-mano\\\/#breadcrumb\",\"itemListElement\":[{\"@type\":\"ListItem\",\"position\":1,\"name\":\"Accueil\",\"item\":\"https:\\\/\\\/www.ghpartners.it\\\/it\\\/gh-partners-contract-division-progetti-su-misura\\\/\"},{\"@type\":\"ListItem\",\"position\":2,\"name\":\"Chi siamo\",\"item\":\"https:\\\/\\\/www.ghpartners.it\\\/it\\\/gh-partners\\\/\"},{\"@type\":\"ListItem\",\"position\":3,\"name\":\"il nostro lavoro\"}]},{\"@type\":\"WebSite\",\"@id\":\"https:\\\/\\\/www.ghpartners.it\\\/#website\",\"url\":\"https:\\\/\\\/www.ghpartners.it\\\/\",\"name\":\"GH &amp; Partners\",\"description\":\"Bureau d&#039;\u00e9tude et fabrication de mobilier\",\"publisher\":{\"@id\":\"https:\\\/\\\/www.ghpartners.it\\\/#organization\"},\"potentialAction\":[{\"@type\":\"SearchAction\",\"target\":{\"@type\":\"EntryPoint\",\"urlTemplate\":\"https:\\\/\\\/www.ghpartners.it\\\/?s={search_term_string}\"},\"query-input\":{\"@type\":\"PropertyValueSpecification\",\"valueRequired\":true,\"valueName\":\"search_term_string\"}}],\"inLanguage\":\"it-IT\"},{\"@type\":\"Organization\",\"@id\":\"https:\\\/\\\/www.ghpartners.it\\\/#organization\",\"name\":\"GH & Partners\",\"url\":\"https:\\\/\\\/www.ghpartners.it\\\/\",\"logo\":{\"@type\":\"ImageObject\",\"inLanguage\":\"it-IT\",\"@id\":\"https:\\\/\\\/www.ghpartners.it\\\/#\\\/schema\\\/logo\\\/image\\\/\",\"url\":\"https:\\\/\\\/www.ghpartners.it\\\/sitev2\\\/wp-content\\\/uploads\\\/2022\\\/08\\\/logo-gh-partners.jpg\",\"contentUrl\":\"https:\\\/\\\/www.ghpartners.it\\\/sitev2\\\/wp-content\\\/uploads\\\/2022\\\/08\\\/logo-gh-partners.jpg\",\"width\":1800,\"height\":2255,\"caption\":\"GH & Partners\"},\"image\":{\"@id\":\"https:\\\/\\\/www.ghpartners.it\\\/#\\\/schema\\\/logo\\\/image\\\/\"},\"sameAs\":[\"https:\\\/\\\/www.facebook.com\\\/GHandPartners\\\/\",\"https:\\\/\\\/www.instagram.com\\\/ghpartnersitalia\\\/\",\"https:\\\/\\\/www.linkedin.com\\\/company\\\/40816658\\\/\"]}]}<\/script>\n<!-- \/ Yoast SEO plugin. -->","yoast_head_json":{"title":"il nostro lavoro - GH &amp; Partners","description":"Interventi \u00abchiavi in mano\u00bb. Dal concept all\u2019installazione, GH & Partners accompagna i suoi clienti durante tutti i processi di fabbricazione e messa in opera di mobili e finiture. La qualit\u00e0 del suo lavoro \u00e8 intimamente legata al savoir-faire delle sue \u00e9quipes, composte da artigiani e specialisti che vengono selezionati con cura.","robots":{"index":"index","follow":"follow","max-snippet":"max-snippet:-1","max-image-preview":"max-image-preview:large","max-video-preview":"max-video-preview:-1"},"canonical":"https:\/\/www.ghpartners.it\/it\/gh-partners\/il-nostro-lavoro-interventi-chiavi-in-mano\/","og_locale":"it_IT","og_type":"article","og_title":"il nostro lavoro - GH &amp; Partners","og_description":"Interventi \u00abchiavi in mano\u00bb. Dal concept all\u2019installazione, GH & Partners accompagna i suoi clienti durante tutti i processi di fabbricazione e messa in opera di mobili e finiture. La qualit\u00e0 del suo lavoro \u00e8 intimamente legata al savoir-faire delle sue \u00e9quipes, composte da artigiani e specialisti che vengono selezionati con cura.","og_url":"https:\/\/www.ghpartners.it\/it\/gh-partners\/il-nostro-lavoro-interventi-chiavi-in-mano\/","og_site_name":"GH &amp; Partners","article_publisher":"https:\/\/www.facebook.com\/GHandPartners\/","article_modified_time":"2020-02-24T11:11:08+00:00","twitter_card":"summary_large_image","twitter_misc":{"Est. reading time":"2 minutes"},"schema":{"@context":"https:\/\/schema.org","@graph":[{"@type":"WebPage","@id":"https:\/\/www.ghpartners.it\/it\/gh-partners\/il-nostro-lavoro-interventi-chiavi-in-mano\/","url":"https:\/\/www.ghpartners.it\/it\/gh-partners\/il-nostro-lavoro-interventi-chiavi-in-mano\/","name":"il nostro lavoro - GH &amp; Partners","isPartOf":{"@id":"https:\/\/www.ghpartners.it\/#website"},"datePublished":"2019-11-08T13:01:15+00:00","dateModified":"2020-02-24T11:11:08+00:00","description":"Interventi \u00abchiavi in mano\u00bb. Dal concept all\u2019installazione, GH & Partners accompagna i suoi clienti durante tutti i processi di fabbricazione e messa in opera di mobili e finiture. La qualit\u00e0 del suo lavoro \u00e8 intimamente legata al savoir-faire delle sue \u00e9quipes, composte da artigiani e specialisti che vengono selezionati con cura.","breadcrumb":{"@id":"https:\/\/www.ghpartners.it\/it\/gh-partners\/il-nostro-lavoro-interventi-chiavi-in-mano\/#breadcrumb"},"inLanguage":"it-IT","potentialAction":[{"@type":"ReadAction","target":["https:\/\/www.ghpartners.it\/it\/gh-partners\/il-nostro-lavoro-interventi-chiavi-in-mano\/"]}]},{"@type":"BreadcrumbList","@id":"https:\/\/www.ghpartners.it\/it\/gh-partners\/il-nostro-lavoro-interventi-chiavi-in-mano\/#breadcrumb","itemListElement":[{"@type":"ListItem","position":1,"name":"Accueil","item":"https:\/\/www.ghpartners.it\/it\/gh-partners-contract-division-progetti-su-misura\/"},{"@type":"ListItem","position":2,"name":"Chi siamo","item":"https:\/\/www.ghpartners.it\/it\/gh-partners\/"},{"@type":"ListItem","position":3,"name":"il nostro lavoro"}]},{"@type":"WebSite","@id":"https:\/\/www.ghpartners.it\/#website","url":"https:\/\/www.ghpartners.it\/","name":"GH &amp; Partners","description":"Bureau d&#039;\u00e9tude et fabrication de mobilier","publisher":{"@id":"https:\/\/www.ghpartners.it\/#organization"},"potentialAction":[{"@type":"SearchAction","target":{"@type":"EntryPoint","urlTemplate":"https:\/\/www.ghpartners.it\/?s={search_term_string}"},"query-input":{"@type":"PropertyValueSpecification","valueRequired":true,"valueName":"search_term_string"}}],"inLanguage":"it-IT"},{"@type":"Organization","@id":"https:\/\/www.ghpartners.it\/#organization","name":"GH & Partners","url":"https:\/\/www.ghpartners.it\/","logo":{"@type":"ImageObject","inLanguage":"it-IT","@id":"https:\/\/www.ghpartners.it\/#\/schema\/logo\/image\/","url":"https:\/\/www.ghpartners.it\/sitev2\/wp-content\/uploads\/2022\/08\/logo-gh-partners.jpg","contentUrl":"https:\/\/www.ghpartners.it\/sitev2\/wp-content\/uploads\/2022\/08\/logo-gh-partners.jpg","width":1800,"height":2255,"caption":"GH & Partners"},"image":{"@id":"https:\/\/www.ghpartners.it\/#\/schema\/logo\/image\/"},"sameAs":["https:\/\/www.facebook.com\/GHandPartners\/","https:\/\/www.instagram.com\/ghpartnersitalia\/","https:\/\/www.linkedin.com\/company\/40816658\/"]}]}},"_links":{"self":[{"href":"https:\/\/www.ghpartners.it\/it\/wp-json\/wp\/v2\/pages\/3564","targetHints":{"allow":["GET"]}}],"collection":[{"href":"https:\/\/www.ghpartners.it\/it\/wp-json\/wp\/v2\/pages"}],"about":[{"href":"https:\/\/www.ghpartners.it\/it\/wp-json\/wp\/v2\/types\/page"}],"author":[{"embeddable":true,"href":"https:\/\/www.ghpartners.it\/it\/wp-json\/wp\/v2\/users\/1"}],"replies":[{"embeddable":true,"href":"https:\/\/www.ghpartners.it\/it\/wp-json\/wp\/v2\/comments?post=3564"}],"version-history":[{"count":0,"href":"https:\/\/www.ghpartners.it\/it\/wp-json\/wp\/v2\/pages\/3564\/revisions"}],"up":[{"embeddable":true,"href":"https:\/\/www.ghpartners.it\/it\/wp-json\/wp\/v2\/pages\/3569"}],"wp:attachment":[{"href":"https:\/\/www.ghpartners.it\/it\/wp-json\/wp\/v2\/media?parent=3564"}],"curies":[{"name":"wp","href":"https:\/\/api.w.org\/{rel}","templated":true}]}}