{"id":3570,"date":"2019-11-08T12:12:09","date_gmt":"2019-11-08T11:12:09","guid":{"rendered":"https:\/\/www.ghpartners.it\/politique-de-confidentialite\/"},"modified":"2023-06-16T16:12:56","modified_gmt":"2023-06-16T14:12:56","slug":"informativa-sulla-privacy","status":"publish","type":"page","link":"https:\/\/www.ghpartners.it\/it\/informativa-sulla-privacy\/","title":{"rendered":"Informativa sulla privacy"},"content":{"rendered":"\n<style type=\"text\/css\" data-created_by=\"avia_inline_auto\" id=\"style-css-av-k5wdh381-f2b8e7e3e4c818717f7298bddd95e04b\">\n.flex_column.av-k5wdh381-f2b8e7e3e4c818717f7298bddd95e04b{\nborder-radius:0px 0px 0px 0px;\npadding:30px 30px 30px 30px;\n}\n<\/style>\n<div  class='flex_column av-k5wdh381-f2b8e7e3e4c818717f7298bddd95e04b av_one_full  avia-builder-el-0  el_before_av_section  avia-builder-el-no-sibling  first flex_column_div  '     ><style type=\"text\/css\" data-created_by=\"avia_inline_auto\" id=\"style-css-av-k7118gw0-81dd9b1d377b70c45f5826ad05afcc63\">\n#top .av-special-heading.av-k7118gw0-81dd9b1d377b70c45f5826ad05afcc63{\nmargin:0px 0px 0px 0px;\npadding-bottom:0;\n}\nbody .av-special-heading.av-k7118gw0-81dd9b1d377b70c45f5826ad05afcc63 .av-special-heading-tag .heading-char{\nfont-size:25px;\n}\n.av-special-heading.av-k7118gw0-81dd9b1d377b70c45f5826ad05afcc63 .av-subheading{\nfont-size:15px;\n}\n<\/style>\n<div  class='av-special-heading av-k7118gw0-81dd9b1d377b70c45f5826ad05afcc63 av-special-heading-h2 blockquote modern-quote  avia-builder-el-1  avia-builder-el-no-sibling  av-linked-heading'><h2 class='av-special-heading-tag'  itemprop=\"headline\"  >Informativa sulla privacy<\/h2><div class=\"special-heading-border\"><div class=\"special-heading-inner-border\"><\/div><\/div><\/div><\/div>\n<\/div><\/div><\/div><!-- close content main div --><\/div><\/div>\n<style type=\"text\/css\" data-created_by=\"avia_inline_auto\" id=\"style-css-av-k5wdf7d7-6070f7d5e2923c309d69a12208859de0\">\n.avia-section.av-k5wdf7d7-6070f7d5e2923c309d69a12208859de0{\nbackground-color:#ffffff;\nbackground-image:unset;\n}\n<\/style>\n<div id='av_section_1'  class='avia-section av-k5wdf7d7-6070f7d5e2923c309d69a12208859de0 main_color avia-section-default avia-no-border-styling  avia-builder-el-2  el_after_av_one_full  avia-builder-el-last  avia-bg-style-scroll container_wrap fullsize'  ><div class='container av-section-cont-open' ><div class='template-page content  av-content-full alpha units'><div class='post-entry post-entry-type-page post-entry-3570'><div class='entry-content-wrapper clearfix'>\n\n<style type=\"text\/css\" data-created_by=\"avia_inline_auto\" id=\"style-css-av-k5wde90y-7e3cfc91206fdb2b34da34010d5f2488\">\n.flex_column.av-k5wde90y-7e3cfc91206fdb2b34da34010d5f2488{\nborder-radius:0px 0px 0px 0px;\npadding:30px 30px 30px 30px;\n}\n<\/style>\n<div  class='flex_column av-k5wde90y-7e3cfc91206fdb2b34da34010d5f2488 av_one_full  avia-builder-el-3  avia-builder-el-no-sibling  first flex_column_div  '     ><section  class='av_textblock_section av-3k91-1a50f1380ae0d252937888a935c2a1ab '   itemscope=\"itemscope\" itemtype=\"https:\/\/schema.org\/CreativeWork\" ><div class='avia_textblock'  itemprop=\"text\" ><h2>Chi siamo<\/h2>\n<p>L&#8217;indirizzo del nostro sito Web \u00e8: https:\/\/www.ghpartners.it<\/p>\n<p>Contact<\/p>\n<p><strong>IN FRANCIA<\/strong><br \/>\n21 Rue de Cronstadt<br \/>\n75015 PARIS <strong><br \/>\n<a href=\"tel:+33(0)6 68 95 63 98\">+33 (0) 6 68 95 63 98<\/a><\/strong><\/p>\n<p><strong>IN ITALIA<\/strong><br \/>\nVia Sebenico 22<br \/>\n20124 Milano<br \/>\n<a href=\"tel:+390245478533\"><strong>+39 02 45478533<\/strong><\/a><\/p>\n<section class=\"av_textblock_section \"><strong><a href=\"mailto:info@ghpartners.it\">info@ghpartners.it<\/a><\/strong><\/section>\n<section>&#8212;<\/section>\n<h2>Utilizzo dei dati personali raccolti<\/h2>\n<h3>Commenti<\/h3>\n<p>Quando si fa un commento sul nostro sito Web, i dati inseriti nel modulo dei commenti, ma anche il suo indirizzo IP e l&#8217;agente utente del suo browser vengono raccolti per aiutarci a rilevare i commenti indesiderati. Una stringa anonima creata dal suo indirizzo e-mail (noto anche come hash) pu\u00f2 essere inviata al servizio Gravatar per verificare se lo sta utilizzando. Le clausole di riservatezza del servizio Gravatar sono disponibili qui: https:\/\/automattic.com\/privacy\/. Dopo la convalida del tuo commento, la foto del tuo profilo sar\u00e0 visibile pubblicamente accanto al tuo commento.<\/p>\n<h3>Media<\/h3>\n<p>Se lei \u00e8 un utente registrato e caric\u00e0 immagini sul sito Web, la consigliamo di evitare di caricare immagini contenenti dati EXIF \u200b\u200bda coordinate GPS. I visitatori del suo sito Web possono scaricare ed estrarre i dati sulla posizione da queste immagini.<\/p>\n<h3>Cookies<\/h3>\n<p>Consulta la <strong><a href=\"..\/..\/it\/politique-de-cookies-ue-3\/\">nostra gestione dei cookies<\/a> <\/strong>Se pubblica un commento sul nostro sito, si verr\u00e0 offerto di salvare il suo nome, indirizzo e-mail e sito Web nei cookies. \u00c8 solo per la sua comodit\u00e0, cos\u00ec da non dover inserire queste informazioni se pubblich\u00e0 un altro commento in seguito. Questi cookies scadono dopo un anno. Se va alla pagina di accesso, verr\u00e0 creato un cookies temporaneo per determinare se il tuo browser accetta i cookies. Non contiene dati personali e verr\u00e0 eliminato automaticamente alla chiusura del browser. Quando accede al sito, imposteremo un numero di cookies per memorizzare le sue informazioni di accesso e le preferenze dello schermo. La durata di un cookies di accesso \u00e8 di due giorni, quella di un cookie di opzione schermo \u00e8 di un anno. Se selezion\u00e0 &#8220;Ricordami&#8221;, il cookies di accesso verr\u00e0 conservato per due settimane. Se esci dal tuo account, il cookies di accesso verr\u00e0 eliminato. Modificando o pubblicando una pubblicazione, un cookies aggiuntivo verr\u00e0 salvato nel suo browser. Questo cookies non include alcun dato personale. Dice solo l&#8217;ID del post che ha appena modificato. Scade dopo un giorno.<\/p>\n<h2>Contenuto incorporato da altri siti<\/h2>\n<p>Gli articoli su questo sito possono includere contenuti integrati (ad esempio video, immagini, articoli, ecc.). Il contenuto incorporato da altri siti si comporta come se il visitatore passasse a quell&#8217;altro sito. Questi siti Web potrebbero raccogliere dati su di\u00a0 lei, utilizzare cookies, incorporare strumenti di tracciamento di terze parti, tenere traccia delle tue interazioni con questo contenuto incorporato se disponi di un account collegato al loro sito Web.<\/p>\n<h2>Uso e trasmissione dei dati personali<\/h2>\n<h3>Periodi di conservazione dei dati<\/h3>\n<p>Se si lascia un commento, il commento e i relativi metadati vengono conservati indefinitamente. Ci\u00f2 riconosce e approva automaticamente i seguenti commenti invece di lasciarli nella coda di moderazione. Per gli utenti che si registrano sul nostro sito, memorizziamo anche i dati personali indicati nel loro profilo. Tutti gli utenti possono visualizzare, modificare o eliminare le loro informazioni personali in qualsiasi momento (tranne il loro nome utente). I gestori del sito possono anche visualizzare e modificare queste informazioni.<\/p>\n<h3>I diritti che ha su i suoi dati personali<\/h3>\n<p>Se ha un account o se ha lasciato commenti sul sito, puoi richiedere di ricevere un file contenente tutti i dati personali che abbiamo su di lei, compresi quelli che ci ha fornito. Puo anche richiedere la cancellazione dei dati personali che la riguardano. Ci\u00f2 non tiene conto dei dati memorizzati per motivi amministrativi, legali o di sicurezza.<\/p>\n<h3>Trasmissione dei dati personali<\/h3>\n<p>I commenti dei visitatori possono essere verificati utilizzando un servizio di rilevamento automatico dello spam.<\/p>\n<h3>Informazioni di contatto<\/h3>\n<section class=\"av_textblock_section \">\n<div class=\"avia_textblock \"><\/div>\n<\/section>\n<section class=\"av_textblock_section \">\n<div class=\"avia_textblock \"><strong>ITALIA<\/strong><br \/>\nVia Sebenico 22<br \/>\n20124 Milano \u2013 Italie<br \/>\n<a href=\"tel:+390245478533\"><strong>+39 02 45478533<\/strong><\/a><\/div>\n<\/section>\n<section class=\"av_textblock_section \">\n<div class=\"avia_textblock \"><strong><a href=\"mailto:info@ghpartners.it\">info@ghpartners.it<\/a><\/strong><\/div>\n<\/section>\n<h3><\/h3>\n<\/div><\/section><\/div>\n","protected":false},"excerpt":{"rendered":"","protected":false},"author":1,"featured_media":0,"parent":0,"menu_order":0,"comment_status":"closed","ping_status":"open","template":"","meta":{"footnotes":""},"class_list":["post-3570","page","type-page","status-publish","hentry"],"yoast_head":"<!-- This site is optimized with the Yoast SEO plugin v27.5 - https:\/\/yoast.com\/product\/yoast-seo-wordpress\/ -->\n<title>Informativa sulla privacy - GH &amp; Partners<\/title>\n<meta name=\"robots\" content=\"index, follow, max-snippet:-1, max-image-preview:large, max-video-preview:-1\" \/>\n<link rel=\"canonical\" href=\"https:\/\/www.ghpartners.it\/it\/informativa-sulla-privacy\/\" \/>\n<meta property=\"og:locale\" content=\"it_IT\" \/>\n<meta property=\"og:type\" content=\"article\" \/>\n<meta property=\"og:title\" content=\"Informativa sulla privacy - GH &amp; Partners\" \/>\n<meta property=\"og:url\" content=\"https:\/\/www.ghpartners.it\/it\/informativa-sulla-privacy\/\" \/>\n<meta property=\"og:site_name\" content=\"GH &amp; Partners\" \/>\n<meta property=\"article:publisher\" content=\"https:\/\/www.facebook.com\/GHandPartners\/\" \/>\n<meta property=\"article:modified_time\" content=\"2023-06-16T14:12:56+00:00\" \/>\n<meta name=\"twitter:card\" content=\"summary_large_image\" \/>\n<meta name=\"twitter:label1\" content=\"Est. reading time\" \/>\n\t<meta name=\"twitter:data1\" content=\"5 minutes\" \/>\n<script type=\"application\/ld+json\" class=\"yoast-schema-graph\">{\"@context\":\"https:\\\/\\\/schema.org\",\"@graph\":[{\"@type\":\"WebPage\",\"@id\":\"https:\\\/\\\/www.ghpartners.it\\\/it\\\/informativa-sulla-privacy\\\/\",\"url\":\"https:\\\/\\\/www.ghpartners.it\\\/it\\\/informativa-sulla-privacy\\\/\",\"name\":\"Informativa sulla privacy - GH &amp; Partners\",\"isPartOf\":{\"@id\":\"https:\\\/\\\/www.ghpartners.it\\\/#website\"},\"datePublished\":\"2019-11-08T11:12:09+00:00\",\"dateModified\":\"2023-06-16T14:12:56+00:00\",\"breadcrumb\":{\"@id\":\"https:\\\/\\\/www.ghpartners.it\\\/it\\\/informativa-sulla-privacy\\\/#breadcrumb\"},\"inLanguage\":\"it-IT\",\"potentialAction\":[{\"@type\":\"ReadAction\",\"target\":[\"https:\\\/\\\/www.ghpartners.it\\\/it\\\/informativa-sulla-privacy\\\/\"]}]},{\"@type\":\"BreadcrumbList\",\"@id\":\"https:\\\/\\\/www.ghpartners.it\\\/it\\\/informativa-sulla-privacy\\\/#breadcrumb\",\"itemListElement\":[{\"@type\":\"ListItem\",\"position\":1,\"name\":\"Accueil\",\"item\":\"https:\\\/\\\/www.ghpartners.it\\\/it\\\/gh-partners-contract-division-progetti-su-misura\\\/\"},{\"@type\":\"ListItem\",\"position\":2,\"name\":\"Informativa sulla privacy\"}]},{\"@type\":\"WebSite\",\"@id\":\"https:\\\/\\\/www.ghpartners.it\\\/#website\",\"url\":\"https:\\\/\\\/www.ghpartners.it\\\/\",\"name\":\"GH &amp; Partners\",\"description\":\"Bureau d&#039;\u00e9tude et fabrication de mobilier\",\"publisher\":{\"@id\":\"https:\\\/\\\/www.ghpartners.it\\\/#organization\"},\"potentialAction\":[{\"@type\":\"SearchAction\",\"target\":{\"@type\":\"EntryPoint\",\"urlTemplate\":\"https:\\\/\\\/www.ghpartners.it\\\/?s={search_term_string}\"},\"query-input\":{\"@type\":\"PropertyValueSpecification\",\"valueRequired\":true,\"valueName\":\"search_term_string\"}}],\"inLanguage\":\"it-IT\"},{\"@type\":\"Organization\",\"@id\":\"https:\\\/\\\/www.ghpartners.it\\\/#organization\",\"name\":\"GH & Partners\",\"url\":\"https:\\\/\\\/www.ghpartners.it\\\/\",\"logo\":{\"@type\":\"ImageObject\",\"inLanguage\":\"it-IT\",\"@id\":\"https:\\\/\\\/www.ghpartners.it\\\/#\\\/schema\\\/logo\\\/image\\\/\",\"url\":\"https:\\\/\\\/www.ghpartners.it\\\/sitev2\\\/wp-content\\\/uploads\\\/2022\\\/08\\\/logo-gh-partners.jpg\",\"contentUrl\":\"https:\\\/\\\/www.ghpartners.it\\\/sitev2\\\/wp-content\\\/uploads\\\/2022\\\/08\\\/logo-gh-partners.jpg\",\"width\":1800,\"height\":2255,\"caption\":\"GH & Partners\"},\"image\":{\"@id\":\"https:\\\/\\\/www.ghpartners.it\\\/#\\\/schema\\\/logo\\\/image\\\/\"},\"sameAs\":[\"https:\\\/\\\/www.facebook.com\\\/GHandPartners\\\/\",\"https:\\\/\\\/www.instagram.com\\\/ghpartnersitalia\\\/\",\"https:\\\/\\\/www.linkedin.com\\\/company\\\/40816658\\\/\"]}]}<\/script>\n<!-- \/ Yoast SEO plugin. -->","yoast_head_json":{"title":"Informativa sulla privacy - GH &amp; Partners","robots":{"index":"index","follow":"follow","max-snippet":"max-snippet:-1","max-image-preview":"max-image-preview:large","max-video-preview":"max-video-preview:-1"},"canonical":"https:\/\/www.ghpartners.it\/it\/informativa-sulla-privacy\/","og_locale":"it_IT","og_type":"article","og_title":"Informativa sulla privacy - GH &amp; Partners","og_url":"https:\/\/www.ghpartners.it\/it\/informativa-sulla-privacy\/","og_site_name":"GH &amp; Partners","article_publisher":"https:\/\/www.facebook.com\/GHandPartners\/","article_modified_time":"2023-06-16T14:12:56+00:00","twitter_card":"summary_large_image","twitter_misc":{"Est. reading time":"5 minutes"},"schema":{"@context":"https:\/\/schema.org","@graph":[{"@type":"WebPage","@id":"https:\/\/www.ghpartners.it\/it\/informativa-sulla-privacy\/","url":"https:\/\/www.ghpartners.it\/it\/informativa-sulla-privacy\/","name":"Informativa sulla privacy - GH &amp; Partners","isPartOf":{"@id":"https:\/\/www.ghpartners.it\/#website"},"datePublished":"2019-11-08T11:12:09+00:00","dateModified":"2023-06-16T14:12:56+00:00","breadcrumb":{"@id":"https:\/\/www.ghpartners.it\/it\/informativa-sulla-privacy\/#breadcrumb"},"inLanguage":"it-IT","potentialAction":[{"@type":"ReadAction","target":["https:\/\/www.ghpartners.it\/it\/informativa-sulla-privacy\/"]}]},{"@type":"BreadcrumbList","@id":"https:\/\/www.ghpartners.it\/it\/informativa-sulla-privacy\/#breadcrumb","itemListElement":[{"@type":"ListItem","position":1,"name":"Accueil","item":"https:\/\/www.ghpartners.it\/it\/gh-partners-contract-division-progetti-su-misura\/"},{"@type":"ListItem","position":2,"name":"Informativa sulla privacy"}]},{"@type":"WebSite","@id":"https:\/\/www.ghpartners.it\/#website","url":"https:\/\/www.ghpartners.it\/","name":"GH &amp; Partners","description":"Bureau d&#039;\u00e9tude et fabrication de mobilier","publisher":{"@id":"https:\/\/www.ghpartners.it\/#organization"},"potentialAction":[{"@type":"SearchAction","target":{"@type":"EntryPoint","urlTemplate":"https:\/\/www.ghpartners.it\/?s={search_term_string}"},"query-input":{"@type":"PropertyValueSpecification","valueRequired":true,"valueName":"search_term_string"}}],"inLanguage":"it-IT"},{"@type":"Organization","@id":"https:\/\/www.ghpartners.it\/#organization","name":"GH & Partners","url":"https:\/\/www.ghpartners.it\/","logo":{"@type":"ImageObject","inLanguage":"it-IT","@id":"https:\/\/www.ghpartners.it\/#\/schema\/logo\/image\/","url":"https:\/\/www.ghpartners.it\/sitev2\/wp-content\/uploads\/2022\/08\/logo-gh-partners.jpg","contentUrl":"https:\/\/www.ghpartners.it\/sitev2\/wp-content\/uploads\/2022\/08\/logo-gh-partners.jpg","width":1800,"height":2255,"caption":"GH & Partners"},"image":{"@id":"https:\/\/www.ghpartners.it\/#\/schema\/logo\/image\/"},"sameAs":["https:\/\/www.facebook.com\/GHandPartners\/","https:\/\/www.instagram.com\/ghpartnersitalia\/","https:\/\/www.linkedin.com\/company\/40816658\/"]}]}},"_links":{"self":[{"href":"https:\/\/www.ghpartners.it\/it\/wp-json\/wp\/v2\/pages\/3570","targetHints":{"allow":["GET"]}}],"collection":[{"href":"https:\/\/www.ghpartners.it\/it\/wp-json\/wp\/v2\/pages"}],"about":[{"href":"https:\/\/www.ghpartners.it\/it\/wp-json\/wp\/v2\/types\/page"}],"author":[{"embeddable":true,"href":"https:\/\/www.ghpartners.it\/it\/wp-json\/wp\/v2\/users\/1"}],"replies":[{"embeddable":true,"href":"https:\/\/www.ghpartners.it\/it\/wp-json\/wp\/v2\/comments?post=3570"}],"version-history":[{"count":0,"href":"https:\/\/www.ghpartners.it\/it\/wp-json\/wp\/v2\/pages\/3570\/revisions"}],"wp:attachment":[{"href":"https:\/\/www.ghpartners.it\/it\/wp-json\/wp\/v2\/media?parent=3570"}],"curies":[{"name":"wp","href":"https:\/\/api.w.org\/{rel}","templated":true}]}}